{"id":1169,"date":"2018-05-24T13:59:58","date_gmt":"2018-05-24T13:59:58","guid":{"rendered":"http:\/\/roweulrike.com\/?page_id=1169"},"modified":"2018-05-24T14:13:56","modified_gmt":"2018-05-24T14:13:56","slug":"wir-verwenden-cookies","status":"publish","type":"page","link":"http:\/\/roweulrike.com\/?page_id=1169","title":{"rendered":"Wir verwenden Cookies."},"content":{"rendered":"<div class=\"entry-content\">\n<p>Um unsere Webseite f\u00fcr Sie optimal zu gestalten und fortlaufend verbessern zu k\u00f6nnen, verwenden wir Cookies. Durch die weitere Nutzung der Webseite stimmen Sie der Verwendung von Cookies zu.<\/p>\n<p>Weiterf\u00fchrende Informationen:<\/p>\n<p><a href=\"https:\/\/de.wikipedia.org\/wiki\/Cookie#HTTP-Cookie\" data-slimstat=\"5\">https:\/\/de.wikipedia.org\/wiki\/Cookie#HTTP-Cookie<\/a><\/p>\n<\/div>\n","protected":false},"excerpt":{"rendered":"<p>Um unsere Webseite f\u00fcr Sie optimal zu gestalten und fortlaufend verbessern zu k\u00f6nnen, verwenden wir Cookies. Durch die weitere Nutzung der Webseite stimmen Sie der Verwendung von Cookies zu. Weiterf\u00fchrende Informationen: https:\/\/de.wikipedia.org\/wiki\/Cookie#HTTP-Cookie<\/p>\n","protected":false},"author":1,"featured_media":0,"parent":0,"menu_order":0,"comment_status":"closed","ping_status":"closed","template":"","meta":[],"_links":{"self":[{"href":"http:\/\/roweulrike.com\/index.php?rest_route=\/wp\/v2\/pages\/1169"}],"collection":[{"href":"http:\/\/roweulrike.com\/index.php?rest_route=\/wp\/v2\/pages"}],"about":[{"href":"http:\/\/roweulrike.com\/index.php?rest_route=\/wp\/v2\/types\/page"}],"author":[{"embeddable":true,"href":"http:\/\/roweulrike.com\/index.php?rest_route=\/wp\/v2\/users\/1"}],"replies":[{"embeddable":true,"href":"http:\/\/roweulrike.com\/index.php?rest_route=%2Fwp%2Fv2%2Fcomments&post=1169"}],"version-history":[{"count":7,"href":"http:\/\/roweulrike.com\/index.php?rest_route=\/wp\/v2\/pages\/1169\/revisions"}],"predecessor-version":[{"id":1179,"href":"http:\/\/roweulrike.com\/index.php?rest_route=\/wp\/v2\/pages\/1169\/revisions\/1179"}],"wp:attachment":[{"href":"http:\/\/roweulrike.com\/index.php?rest_route=%2Fwp%2Fv2%2Fmedia&parent=1169"}],"curies":[{"name":"wp","href":"https:\/\/api.w.org\/{rel}","templated":true}]}}