{"id":19,"date":"2017-05-05T10:34:27","date_gmt":"2017-05-05T10:34:27","guid":{"rendered":"http:\/\/roweulrike.com\/?page_id=19"},"modified":"2017-05-29T10:53:19","modified_gmt":"2017-05-29T10:53:19","slug":"vita","status":"publish","type":"page","link":"http:\/\/roweulrike.com\/?page_id=19","title":{"rendered":"Vita"},"content":{"rendered":"<div id=\"idTextPanel\" class=\"jqDnR\">\n<p style=\"text-align: left;\"><img decoding=\"async\" loading=\"lazy\" class=\"wp-image-192 alignleft\" style=\"border: 8px solid #ffffff; margin-top: 10px; margin-bottom: 0px;\" src=\"http:\/\/roweulrike.com\/wp-content\/uploads\/2016\/05\/IMG_0699-e1495716621165-768x1024.jpg\" alt=\"\" width=\"350\" height=\"467\" srcset=\"http:\/\/roweulrike.com\/wp-content\/uploads\/2016\/05\/IMG_0699-e1495716621165-768x1024.jpg 768w, http:\/\/roweulrike.com\/wp-content\/uploads\/2016\/05\/IMG_0699-e1495716621165-225x300.jpg 225w\" sizes=\"(max-width: 350px) 100vw, 350px\" \/><br \/>\n<em>1945 geboren im westf\u00e4lischen erhielt ich auch dort meine Ausbildung in Theaterkunst \/ B\u00fchnenbild und war viele Jahre am Pfalztheater in Kaiserslautern k\u00fcnstlerisch t\u00e4tig.<\/em><\/p>\n<p style=\"text-align: left;\"><em>Anschlie\u00dfend \u00fcbernahm ich die Leitung der &#8222;Performing Art Center&#8220; in Kaiserslautern und Pirmasens.<\/em><\/p>\n<p style=\"text-align: left;\"><em><br \/>\n1988 begann ich mein Studium der Malerei (USA) und der Kunstgeschichte.<\/em><\/p>\n<p style=\"text-align: left;\"><em>Dozentenstellungen, Ateliergr\u00fcndung und Ausstellungen lagen auf meinem Weg zur freischaffenden K\u00fcnstlerin seit 1992.<\/em><\/p>\n<\/div>\n","protected":false},"excerpt":{"rendered":"<p>1945 geboren im westf\u00e4lischen erhielt ich auch dort meine Ausbildung in Theaterkunst \/ B\u00fchnenbild und war viele Jahre am Pfalztheater in Kaiserslautern k\u00fcnstlerisch t\u00e4tig. Anschlie\u00dfend \u00fcbernahm ich die Leitung der &#8222;Performing Art Center&#8220; in Kaiserslautern und Pirmasens. 1988 begann ich mein Studium der Malerei (USA) und der Kunstgeschichte. Dozentenstellungen, Ateliergr\u00fcndung und Ausstellungen lagen auf meinem &hellip; <\/p>\n<p class=\"link-more\"><a href=\"http:\/\/roweulrike.com\/?page_id=19\" class=\"more-link\"><span class=\"screen-reader-text\">&#8222;Vita&#8220;<\/span> weiterlesen<\/a><\/p>\n","protected":false},"author":1,"featured_media":0,"parent":0,"menu_order":0,"comment_status":"closed","ping_status":"closed","template":"","meta":[],"_links":{"self":[{"href":"http:\/\/roweulrike.com\/index.php?rest_route=\/wp\/v2\/pages\/19"}],"collection":[{"href":"http:\/\/roweulrike.com\/index.php?rest_route=\/wp\/v2\/pages"}],"about":[{"href":"http:\/\/roweulrike.com\/index.php?rest_route=\/wp\/v2\/types\/page"}],"author":[{"embeddable":true,"href":"http:\/\/roweulrike.com\/index.php?rest_route=\/wp\/v2\/users\/1"}],"replies":[{"embeddable":true,"href":"http:\/\/roweulrike.com\/index.php?rest_route=%2Fwp%2Fv2%2Fcomments&post=19"}],"version-history":[{"count":17,"href":"http:\/\/roweulrike.com\/index.php?rest_route=\/wp\/v2\/pages\/19\/revisions"}],"predecessor-version":[{"id":989,"href":"http:\/\/roweulrike.com\/index.php?rest_route=\/wp\/v2\/pages\/19\/revisions\/989"}],"wp:attachment":[{"href":"http:\/\/roweulrike.com\/index.php?rest_route=%2Fwp%2Fv2%2Fmedia&parent=19"}],"curies":[{"name":"wp","href":"https:\/\/api.w.org\/{rel}","templated":true}]}}